{"id":5064,"date":"2025-08-12T18:59:54","date_gmt":"2025-08-12T18:59:54","guid":{"rendered":"https:\/\/veralrealestatepr.com\/?page_id=5064"},"modified":"2025-08-12T19:04:53","modified_gmt":"2025-08-12T19:04:53","slug":"rio-grande","status":"publish","type":"page","link":"https:\/\/veralrealestatepr.com\/es\/rio-grande\/","title":{"rendered":"Rio Grande"},"content":{"rendered":"<div data-elementor-type=\"wp-page\" data-elementor-id=\"5064\" class=\"elementor elementor-5064\">\n\t\t\t\t\t\t<section class=\"elementor-section elementor-top-section elementor-element elementor-element-0b357eb elementor-section-full_width elementor-section-height-min-height elementor-section-height-default elementor-section-items-middle\" data-id=\"0b357eb\" data-element_type=\"section\" data-e-type=\"section\" data-settings=\"{&quot;background_background&quot;:&quot;classic&quot;}\">\n\t\t\t\t\t\t<div class=\"elementor-container elementor-column-gap-default\">\n\t\t\t\t\t<div class=\"elementor-column elementor-col-100 elementor-top-column elementor-element elementor-element-bbb9576\" data-id=\"bbb9576\" data-element_type=\"column\" data-e-type=\"column\">\n\t\t\t<div class=\"elementor-widget-wrap elementor-element-populated\">\n\t\t\t\t\t\t<div class=\"elementor-element elementor-element-e440e0a animated-slow elementor-invisible elementor-widget elementor-widget-houzez_elementor_section_title\" data-id=\"e440e0a\" data-element_type=\"widget\" data-e-type=\"widget\" data-settings=\"{&quot;_animation&quot;:&quot;fadeIn&quot;}\" data-widget_type=\"houzez_elementor_section_title.default\">\n\t\t\t\t<div class=\"elementor-widget-container\">\n\t\t\t\t\t            <div class=\"houzez_section_title_wrap section-title-module\">\n                                    <h2 class=\"houzez_section_title\">Rio Grande<\/h2>\n                \n                            <\/div>\n            \t\t\t\t<\/div>\n\t\t\t\t<\/div>\n\t\t\t\t\t<\/div>\n\t\t<\/div>\n\t\t\t\t\t<\/div>\n\t\t<\/section>\n\t\t\t\t<section class=\"elementor-section elementor-top-section elementor-element elementor-element-5d2fef3 elementor-section-boxed elementor-section-height-default elementor-section-height-default\" data-id=\"5d2fef3\" data-element_type=\"section\" data-e-type=\"section\">\n\t\t\t\t\t\t<div class=\"elementor-container elementor-column-gap-default\">\n\t\t\t\t\t<div class=\"elementor-column elementor-col-100 elementor-top-column elementor-element elementor-element-81f0fd2\" data-id=\"81f0fd2\" data-element_type=\"column\" data-e-type=\"column\">\n\t\t\t<div class=\"elementor-widget-wrap elementor-element-populated\">\n\t\t\t\t\t\t<div class=\"elementor-element elementor-element-5aa31b0 elementor-widget elementor-widget-houzez_elementor_section_title\" data-id=\"5aa31b0\" data-element_type=\"widget\" data-e-type=\"widget\" data-widget_type=\"houzez_elementor_section_title.default\">\n\t\t\t\t<div class=\"elementor-widget-container\">\n\t\t\t\t\t            <div class=\"houzez_section_title_wrap section-title-module\">\n                                    <h2 class=\"houzez_section_title\">El Oasis del Norte de Puerto Rico: Crecimiento Sostenible y Vida con Prop\u00f3sito<\/h2>\n                \n                            <\/div>\n            \t\t\t\t<\/div>\n\t\t\t\t<\/div>\n\t\t\t\t\t<\/div>\n\t\t<\/div>\n\t\t\t\t\t<\/div>\n\t\t<\/section>\n\t\t\t\t<section class=\"elementor-section elementor-top-section elementor-element elementor-element-84ae5a6 elementor-section-boxed elementor-section-height-default elementor-section-height-default\" data-id=\"84ae5a6\" data-element_type=\"section\" data-e-type=\"section\">\n\t\t\t\t\t\t<div class=\"elementor-container elementor-column-gap-default\">\n\t\t\t\t\t<div class=\"elementor-column elementor-col-100 elementor-top-column elementor-element elementor-element-f4c57f3\" data-id=\"f4c57f3\" data-element_type=\"column\" data-e-type=\"column\">\n\t\t\t<div class=\"elementor-widget-wrap elementor-element-populated\">\n\t\t\t\t\t\t<div class=\"elementor-element elementor-element-33df6c8 elementor-widget elementor-widget-text-editor\" data-id=\"33df6c8\" data-element_type=\"widget\" data-e-type=\"widget\" data-widget_type=\"text-editor.default\">\n\t\t\t\t<div class=\"elementor-widget-container\">\n\t\t\t\t\t\t\t\t\t<div dir=\"auto\">A medida que Puerto Rico contin\u00faa evolucionando, la regi\u00f3n norte \u2014centrada en R\u00edo Grande\u2014 se destaca como una alternativa prometedora al ajetreado centro metropolitano de San Juan. Con sus frondosos bosques tropicales, playas v\u00edrgenes y una ubicaci\u00f3n estrat\u00e9gica junto al Bosque Nacional El Yunque, R\u00edo Grande ofrece una combinaci\u00f3n \u00fanica de serenidad tropical y accesibilidad que podr\u00eda redefinir el panorama inmobiliario y tur\u00edstico de la isla.<\/div>\t\t\t\t\t\t\t\t<\/div>\n\t\t\t\t<\/div>\n\t\t\t\t\t<\/div>\n\t\t<\/div>\n\t\t\t\t\t<\/div>\n\t\t<\/section>\n\t\t\t\t<section class=\"elementor-section elementor-top-section elementor-element elementor-element-00af126 elementor-section-boxed elementor-section-height-default elementor-section-height-default\" data-id=\"00af126\" data-element_type=\"section\" data-e-type=\"section\">\n\t\t\t\t\t\t<div class=\"elementor-container elementor-column-gap-default\">\n\t\t\t\t\t<div class=\"elementor-column elementor-col-100 elementor-top-column elementor-element elementor-element-8f59db4\" data-id=\"8f59db4\" data-element_type=\"column\" data-e-type=\"column\">\n\t\t\t<div class=\"elementor-widget-wrap\">\n\t\t\t\t\t\t\t<\/div>\n\t\t<\/div>\n\t\t\t\t\t<\/div>\n\t\t<\/section>\n\t\t\t\t<section class=\"elementor-section elementor-top-section elementor-element elementor-element-24d3367 elementor-section-boxed elementor-section-height-default elementor-section-height-default\" data-id=\"24d3367\" data-element_type=\"section\" data-e-type=\"section\">\n\t\t\t\t\t\t<div class=\"elementor-container elementor-column-gap-default\">\n\t\t\t\t\t<div class=\"elementor-column elementor-col-100 elementor-top-column elementor-element elementor-element-c44b020\" data-id=\"c44b020\" data-element_type=\"column\" data-e-type=\"column\">\n\t\t\t<div class=\"elementor-widget-wrap elementor-element-populated\">\n\t\t\t\t\t\t<div class=\"elementor-element elementor-element-e408b6d elementor-widget elementor-widget-houzez_elementor_section_title\" data-id=\"e408b6d\" data-element_type=\"widget\" data-e-type=\"widget\" data-widget_type=\"houzez_elementor_section_title.default\">\n\t\t\t\t<div class=\"elementor-widget-container\">\n\t\t\t\t\t            <div class=\"houzez_section_title_wrap section-title-module\">\n                                    <h2 class=\"houzez_section_title\">Un Para\u00edso Natural con Ubicaci\u00f3n Estrat\u00e9gica<\/h2>\n                \n                            <\/div>\n            \t\t\t\t<\/div>\n\t\t\t\t<\/div>\n\t\t\t\t<div class=\"elementor-element elementor-element-ced0685 elementor-widget elementor-widget-text-editor\" data-id=\"ced0685\" data-element_type=\"widget\" data-e-type=\"widget\" data-widget_type=\"text-editor.default\">\n\t\t\t\t<div class=\"elementor-widget-container\">\n\t\t\t\t\t\t\t\t\t<div dir=\"auto\">Ubicado a pocos minutos en carro desde San Juan, R\u00edo Grande se beneficia enormemente de la reci\u00e9n mejorada Autopista 66, que ofrece una conexi\u00f3n directa y r\u00e1pida con el aeropuerto principal de la isla y los centros urbanos. Esta facilidad de acceso convierte a R\u00edo Grande en una opci\u00f3n muy atractiva para quienes buscan una vida tranquila sin renunciar a la comodidad. Su cercan\u00eda a El Yunque, el \u00fanico bosque tropical en el Sistema de Bosques Nacionales de EE. UU., a\u00f1ade un atractivo natural extraordinario\u2014ideal para el ecoturismo, la recreaci\u00f3n al aire libre y un estilo de vida enfocado en el bienestar.<\/div>\t\t\t\t\t\t\t\t<\/div>\n\t\t\t\t<\/div>\n\t\t\t\t\t<\/div>\n\t\t<\/div>\n\t\t\t\t\t<\/div>\n\t\t<\/section>\n\t\t\t\t<section class=\"elementor-section elementor-top-section elementor-element elementor-element-a060280 elementor-section-boxed elementor-section-height-default elementor-section-height-default\" data-id=\"a060280\" data-element_type=\"section\" data-e-type=\"section\">\n\t\t\t\t\t\t<div class=\"elementor-container elementor-column-gap-default\">\n\t\t\t\t\t<div class=\"elementor-column elementor-col-100 elementor-top-column elementor-element elementor-element-510624c\" data-id=\"510624c\" data-element_type=\"column\" data-e-type=\"column\">\n\t\t\t<div class=\"elementor-widget-wrap elementor-element-populated\">\n\t\t\t\t\t\t<div class=\"elementor-element elementor-element-1bc6a9d elementor-widget elementor-widget-houzez_elementor_section_title\" data-id=\"1bc6a9d\" data-element_type=\"widget\" data-e-type=\"widget\" data-widget_type=\"houzez_elementor_section_title.default\">\n\t\t\t\t<div class=\"elementor-widget-container\">\n\t\t\t\t\t            <div class=\"houzez_section_title_wrap section-title-module\">\n                                    <h2 class=\"houzez_section_title\">Oportunidades Inmobiliarias: Diversidad y Lujo<\/h2>\n                \n                            <\/div>\n            \t\t\t\t<\/div>\n\t\t\t\t<\/div>\n\t\t\t\t\t<\/div>\n\t\t<\/div>\n\t\t\t\t\t<\/div>\n\t\t<\/section>\n\t\t\t\t<section class=\"elementor-section elementor-top-section elementor-element elementor-element-4591c8a elementor-section-boxed elementor-section-height-default elementor-section-height-default\" data-id=\"4591c8a\" data-element_type=\"section\" data-e-type=\"section\">\n\t\t\t\t\t\t<div class=\"elementor-container elementor-column-gap-default\">\n\t\t\t\t\t<div class=\"elementor-column elementor-col-100 elementor-top-column elementor-element elementor-element-28d2919\" data-id=\"28d2919\" data-element_type=\"column\" data-e-type=\"column\">\n\t\t\t<div class=\"elementor-widget-wrap elementor-element-populated\">\n\t\t\t\t\t\t<div class=\"elementor-element elementor-element-f611133 elementor-widget elementor-widget-text-editor\" data-id=\"f611133\" data-element_type=\"widget\" data-e-type=\"widget\" data-widget_type=\"text-editor.default\">\n\t\t\t\t<div class=\"elementor-widget-container\">\n\t\t\t\t\t\t\t\t\t<div dir=\"auto\"><div dir=\"auto\">El mercado inmobiliario en R\u00edo Grande se distingue por su diversidad, atendiendo a una amplia gama de inversionistas y residentes. Desde apartamentos frente al mar en Coco Beach y R\u00edo Mar, hasta fincas extensas y residencias de lujo, la regi\u00f3n ofrece opciones para todos los gustos y presupuestos.<\/div><div dir=\"auto\">\u00a0<\/div><div dir=\"auto\">La presencia de desarrollos de alto nivel, como el resort Wyndham Grand Rio Mar, destaca el atractivo de la zona como un destino de lujo. La pr\u00f3xima inversi\u00f3n de casi $100 millones en residencias exclusivas, incluyendo el proyecto Amane Estates \u2014que contar\u00e1 con 14 lotes con un precio promedio de alrededor de $3.5 millones\u2014 refuerza a\u00fan m\u00e1s la confianza en el potencial de crecimiento de la regi\u00f3n. Para quienes buscan adquirir terreno y residencia de forma integrada, los precios pueden alcanzar aproximadamente los $8.5 millones, reflejando su exclusividad y atractivo de alto nivel.<\/div><\/div>\t\t\t\t\t\t\t\t<\/div>\n\t\t\t\t<\/div>\n\t\t\t\t\t<\/div>\n\t\t<\/div>\n\t\t\t\t\t<\/div>\n\t\t<\/section>\n\t\t\t\t<section class=\"elementor-section elementor-top-section elementor-element elementor-element-e43f4bd elementor-section-boxed elementor-section-height-default elementor-section-height-default\" data-id=\"e43f4bd\" data-element_type=\"section\" data-e-type=\"section\">\n\t\t\t\t\t\t<div class=\"elementor-container elementor-column-gap-default\">\n\t\t\t\t\t<div class=\"elementor-column elementor-col-100 elementor-top-column elementor-element elementor-element-5759072\" data-id=\"5759072\" data-element_type=\"column\" data-e-type=\"column\">\n\t\t\t<div class=\"elementor-widget-wrap elementor-element-populated\">\n\t\t\t\t\t\t<div class=\"elementor-element elementor-element-1724174 elementor-widget elementor-widget-houzez_elementor_section_title\" data-id=\"1724174\" data-element_type=\"widget\" data-e-type=\"widget\" data-widget_type=\"houzez_elementor_section_title.default\">\n\t\t\t\t<div class=\"elementor-widget-container\">\n\t\t\t\t\t            <div class=\"houzez_section_title_wrap section-title-module\">\n                                    <h2 class=\"houzez_section_title\">Desarrollo de Lujo<\/h2>\n                \n                            <\/div>\n            \t\t\t\t<\/div>\n\t\t\t\t<\/div>\n\t\t\t\t\t<\/div>\n\t\t<\/div>\n\t\t\t\t\t<\/div>\n\t\t<\/section>\n\t\t\t\t<section class=\"elementor-section elementor-top-section elementor-element elementor-element-dfb4943 elementor-section-boxed elementor-section-height-default elementor-section-height-default\" data-id=\"dfb4943\" data-element_type=\"section\" data-e-type=\"section\">\n\t\t\t\t\t\t<div class=\"elementor-container elementor-column-gap-default\">\n\t\t\t\t\t<div class=\"elementor-column elementor-col-100 elementor-top-column elementor-element elementor-element-01964f4\" data-id=\"01964f4\" data-element_type=\"column\" data-e-type=\"column\">\n\t\t\t<div class=\"elementor-widget-wrap elementor-element-populated\">\n\t\t\t\t\t\t<div class=\"elementor-element elementor-element-2d0455e elementor-widget elementor-widget-text-editor\" data-id=\"2d0455e\" data-element_type=\"widget\" data-e-type=\"widget\" data-widget_type=\"text-editor.default\">\n\t\t\t\t<div class=\"elementor-widget-container\">\n\t\t\t\t\t\t\t\t\t<div dir=\"auto\"><div dir=\"auto\">\u00a0Nuevos proyectos como Amane Estates ejemplifican la tendencia hacia un estilo de vida tipo resort de alto nivel, que atrae tanto a inversionistas internacionales como a puertorrique\u00f1os de alto poder adquisitivo.<\/div><\/div>\t\t\t\t\t\t\t\t<\/div>\n\t\t\t\t<\/div>\n\t\t\t\t\t<\/div>\n\t\t<\/div>\n\t\t\t\t\t<\/div>\n\t\t<\/section>\n\t\t\t\t<section class=\"elementor-section elementor-top-section elementor-element elementor-element-adf828e elementor-section-boxed elementor-section-height-default elementor-section-height-default\" data-id=\"adf828e\" data-element_type=\"section\" data-e-type=\"section\">\n\t\t\t\t\t\t<div class=\"elementor-container elementor-column-gap-default\">\n\t\t\t\t\t<div class=\"elementor-column elementor-col-100 elementor-top-column elementor-element elementor-element-fc3da2c\" data-id=\"fc3da2c\" data-element_type=\"column\" data-e-type=\"column\">\n\t\t\t<div class=\"elementor-widget-wrap elementor-element-populated\">\n\t\t\t\t\t\t<div class=\"elementor-element elementor-element-6bc2427 elementor-widget elementor-widget-houzez_elementor_section_title\" data-id=\"6bc2427\" data-element_type=\"widget\" data-e-type=\"widget\" data-widget_type=\"houzez_elementor_section_title.default\">\n\t\t\t\t<div class=\"elementor-widget-container\">\n\t\t\t\t\t            <div class=\"houzez_section_title_wrap section-title-module\">\n                                    <h2 class=\"houzez_section_title\">Turismo y Hospitalidad<\/h2>\n                \n                            <\/div>\n            \t\t\t\t<\/div>\n\t\t\t\t<\/div>\n\t\t\t\t\t<\/div>\n\t\t<\/div>\n\t\t\t\t\t<\/div>\n\t\t<\/section>\n\t\t\t\t<section class=\"elementor-section elementor-top-section elementor-element elementor-element-deab555 elementor-section-boxed elementor-section-height-default elementor-section-height-default\" data-id=\"deab555\" data-element_type=\"section\" data-e-type=\"section\">\n\t\t\t\t\t\t<div class=\"elementor-container elementor-column-gap-default\">\n\t\t\t\t\t<div class=\"elementor-column elementor-col-100 elementor-top-column elementor-element elementor-element-df1c934\" data-id=\"df1c934\" data-element_type=\"column\" data-e-type=\"column\">\n\t\t\t<div class=\"elementor-widget-wrap elementor-element-populated\">\n\t\t\t\t\t\t<div class=\"elementor-element elementor-element-9e0ce53 elementor-widget elementor-widget-text-editor\" data-id=\"9e0ce53\" data-element_type=\"widget\" data-e-type=\"widget\" data-widget_type=\"text-editor.default\">\n\t\t\t\t<div class=\"elementor-widget-container\">\n\t\t\t\t\t\t\t\t\t<div dir=\"auto\"><div dir=\"auto\">La presencia de resorts de lujo y atractivos naturales impulsa un sector tur\u00edstico din\u00e1mico, fomentando la demanda de alquileres a corto plazo y segundas residencias.<\/div><\/div>\t\t\t\t\t\t\t\t<\/div>\n\t\t\t\t<\/div>\n\t\t\t\t\t<\/div>\n\t\t<\/div>\n\t\t\t\t\t<\/div>\n\t\t<\/section>\n\t\t\t\t<section class=\"elementor-section elementor-top-section elementor-element elementor-element-0a3e046 elementor-section-boxed elementor-section-height-default elementor-section-height-default\" data-id=\"0a3e046\" data-element_type=\"section\" data-e-type=\"section\">\n\t\t\t\t\t\t<div class=\"elementor-container elementor-column-gap-default\">\n\t\t\t\t\t<div class=\"elementor-column elementor-col-100 elementor-top-column elementor-element elementor-element-324e792\" data-id=\"324e792\" data-element_type=\"column\" data-e-type=\"column\">\n\t\t\t<div class=\"elementor-widget-wrap elementor-element-populated\">\n\t\t\t\t\t\t<div class=\"elementor-element elementor-element-ef1629a elementor-widget elementor-widget-houzez_elementor_section_title\" data-id=\"ef1629a\" data-element_type=\"widget\" data-e-type=\"widget\" data-widget_type=\"houzez_elementor_section_title.default\">\n\t\t\t\t<div class=\"elementor-widget-container\">\n\t\t\t\t\t            <div class=\"houzez_section_title_wrap section-title-module\">\n                                    <h2 class=\"houzez_section_title\">Sustainable Lifestyle:<\/h2>\n                \n                            <\/div>\n            \t\t\t\t<\/div>\n\t\t\t\t<\/div>\n\t\t\t\t\t<\/div>\n\t\t<\/div>\n\t\t\t\t\t<\/div>\n\t\t<\/section>\n\t\t\t\t<section class=\"elementor-section elementor-top-section elementor-element elementor-element-58b333e elementor-section-boxed elementor-section-height-default elementor-section-height-default\" data-id=\"58b333e\" data-element_type=\"section\" data-e-type=\"section\">\n\t\t\t\t\t\t<div class=\"elementor-container elementor-column-gap-default\">\n\t\t\t\t\t<div class=\"elementor-column elementor-col-100 elementor-top-column elementor-element elementor-element-3acbaca\" data-id=\"3acbaca\" data-element_type=\"column\" data-e-type=\"column\">\n\t\t\t<div class=\"elementor-widget-wrap elementor-element-populated\">\n\t\t\t\t\t\t<div class=\"elementor-element elementor-element-90efafe elementor-widget elementor-widget-text-editor\" data-id=\"90efafe\" data-element_type=\"widget\" data-e-type=\"widget\" data-widget_type=\"text-editor.default\">\n\t\t\t\t<div class=\"elementor-widget-container\">\n\t\t\t\t\t\t\t\t\t<div dir=\"auto\"><div dir=\"auto\">The region\u2019s ecological richness aligns with a global shift toward sustainable, nature-centric living arrangements, making Rio Grande attractive for eco-friendly developments.<\/div><\/div>\t\t\t\t\t\t\t\t<\/div>\n\t\t\t\t<\/div>\n\t\t\t\t\t<\/div>\n\t\t<\/div>\n\t\t\t\t\t<\/div>\n\t\t<\/section>\n\t\t\t\t<section class=\"elementor-section elementor-top-section elementor-element elementor-element-b7c6b16 elementor-section-boxed elementor-section-height-default elementor-section-height-default\" data-id=\"b7c6b16\" data-element_type=\"section\" data-e-type=\"section\">\n\t\t\t\t\t\t<div class=\"elementor-container elementor-column-gap-default\">\n\t\t\t\t\t<div class=\"elementor-column elementor-col-100 elementor-top-column elementor-element elementor-element-ace207a\" data-id=\"ace207a\" data-element_type=\"column\" data-e-type=\"column\">\n\t\t\t<div class=\"elementor-widget-wrap elementor-element-populated\">\n\t\t\t\t\t\t<div class=\"elementor-element elementor-element-c6aaf1b elementor-widget elementor-widget-houzez_elementor_section_title\" data-id=\"c6aaf1b\" data-element_type=\"widget\" data-e-type=\"widget\" data-widget_type=\"houzez_elementor_section_title.default\">\n\t\t\t\t<div class=\"elementor-widget-container\">\n\t\t\t\t\t            <div class=\"houzez_section_title_wrap section-title-module\">\n                                    <h2 class=\"houzez_section_title\">Infraestructura y Accesibilidad<\/h2>\n                \n                            <\/div>\n            \t\t\t\t<\/div>\n\t\t\t\t<\/div>\n\t\t\t\t\t<\/div>\n\t\t<\/div>\n\t\t\t\t\t<\/div>\n\t\t<\/section>\n\t\t\t\t<section class=\"elementor-section elementor-top-section elementor-element elementor-element-7a5772f elementor-section-boxed elementor-section-height-default elementor-section-height-default\" data-id=\"7a5772f\" data-element_type=\"section\" data-e-type=\"section\">\n\t\t\t\t\t\t<div class=\"elementor-container elementor-column-gap-default\">\n\t\t\t\t\t<div class=\"elementor-column elementor-col-100 elementor-top-column elementor-element elementor-element-2d83513\" data-id=\"2d83513\" data-element_type=\"column\" data-e-type=\"column\">\n\t\t\t<div class=\"elementor-widget-wrap elementor-element-populated\">\n\t\t\t\t\t\t<div class=\"elementor-element elementor-element-877941a elementor-widget elementor-widget-text-editor\" data-id=\"877941a\" data-element_type=\"widget\" data-e-type=\"widget\" data-widget_type=\"text-editor.default\">\n\t\t\t\t<div class=\"elementor-widget-container\">\n\t\t\t\t\t\t\t\t\t<div dir=\"auto\"><div dir=\"auto\">\u00a0El eficiente sistema de autopistas garantiza que tanto residentes como visitantes puedan disfrutar de la tranquilidad del bosque tropical y las playas, sin dejar de estar conectados con las comodidades urbanas y el aeropuerto.<\/div><\/div>\t\t\t\t\t\t\t\t<\/div>\n\t\t\t\t<\/div>\n\t\t\t\t\t<\/div>\n\t\t<\/div>\n\t\t\t\t\t<\/div>\n\t\t<\/section>\n\t\t\t\t<section class=\"elementor-section elementor-top-section elementor-element elementor-element-af58290 elementor-section-boxed elementor-section-height-default elementor-section-height-default\" data-id=\"af58290\" data-element_type=\"section\" data-e-type=\"section\">\n\t\t\t\t\t\t<div class=\"elementor-container elementor-column-gap-default\">\n\t\t\t\t\t<div class=\"elementor-column elementor-col-100 elementor-top-column elementor-element elementor-element-43a4ea8\" data-id=\"43a4ea8\" data-element_type=\"column\" data-e-type=\"column\">\n\t\t\t<div class=\"elementor-widget-wrap elementor-element-populated\">\n\t\t\t\t\t\t<div class=\"elementor-element elementor-element-c9ce2e4 elementor-widget elementor-widget-houzez_elementor_section_title\" data-id=\"c9ce2e4\" data-element_type=\"widget\" data-e-type=\"widget\" data-widget_type=\"houzez_elementor_section_title.default\">\n\t\t\t\t<div class=\"elementor-widget-container\">\n\t\t\t\t\t            <div class=\"houzez_section_title_wrap section-title-module\">\n                                    <h2 class=\"houzez_section_title\">Ubicaci\u00f3n Estrat\u00e9gica como Alternativa al Ajetreo Urbano<\/h2>\n                \n                            <\/div>\n            \t\t\t\t<\/div>\n\t\t\t\t<\/div>\n\t\t\t\t\t<\/div>\n\t\t<\/div>\n\t\t\t\t\t<\/div>\n\t\t<\/section>\n\t\t\t\t<section class=\"elementor-section elementor-top-section elementor-element elementor-element-a0f814e elementor-section-boxed elementor-section-height-default elementor-section-height-default\" data-id=\"a0f814e\" data-element_type=\"section\" data-e-type=\"section\">\n\t\t\t\t\t\t<div class=\"elementor-container elementor-column-gap-default\">\n\t\t\t\t\t<div class=\"elementor-column elementor-col-100 elementor-top-column elementor-element elementor-element-027ac48\" data-id=\"027ac48\" data-element_type=\"column\" data-e-type=\"column\">\n\t\t\t<div class=\"elementor-widget-wrap elementor-element-populated\">\n\t\t\t\t\t\t<div class=\"elementor-element elementor-element-cb0da10 elementor-widget elementor-widget-text-editor\" data-id=\"cb0da10\" data-element_type=\"widget\" data-e-type=\"widget\" data-widget_type=\"text-editor.default\">\n\t\t\t\t<div class=\"elementor-widget-container\">\n\t\t\t\t\t\t\t\t\t<div dir=\"auto\"><div dir=\"auto\"><div dir=\"auto\">La combinaci\u00f3n de belleza natural, ofertas de lujo y conectividad estrat\u00e9gica posiciona a R\u00edo Grande como una alternativa ideal a los centros urbanos de Puerto Rico. Su potencial de crecimiento sostenible se ve impulsado por la creciente demanda de segundas residencias, ecoturismo y propiedades enfocadas en el estilo de vida. A medida que la congesti\u00f3n urbana y los altos precios de las propiedades contin\u00faan representando un reto en San Juan, R\u00edo Grande se presenta como una opci\u00f3n atractiva para quienes buscan un estilo de vida tropical equilibrado, con acceso f\u00e1cil a las comodidades modernas.<\/div><div dir=\"auto\">En t\u00e9rminos generales, la regi\u00f3n norte de Puerto Rico \u2014particularmente R\u00edo Grande\u2014 representa un futuro prometedor para un desarrollo sostenible, de lujo y con conciencia ecol\u00f3gica. Su ubicaci\u00f3n estrat\u00e9gica junto a El Yunque, sumada a la expansi\u00f3n de residencias exclusivas y su atractivo internacional, lo convierten en un candidato principal para el crecimiento futuro. A medida que inversionistas y residentes buscan alternativas al n\u00facleo urbano congestionado, el encanto natural y la conectividad de R\u00edo Grande podr\u00edan posicionarlo como el nuevo epicentro del estilo de vida tropical en Puerto Rico.<\/div><div class=\"yj6qo\">\u00a0<\/div><\/div><\/div>\t\t\t\t\t\t\t\t<\/div>\n\t\t\t\t<\/div>\n\t\t\t\t\t<\/div>\n\t\t<\/div>\n\t\t\t\t\t<\/div>\n\t\t<\/section>\n\t\t\t\t<\/div>","protected":false},"excerpt":{"rendered":"<p>Rio Grande Puerto Rico\u2019s Northern Oasis for Sustainable Growth and Lifestyle As Puerto Rico continues to evolve, the northern region\u2014centered around Rio Grande\u2014stands out as a promising alternative to the busy metropolitan hub of San Juan. With its lush rainforests, pristine beaches, and a strategic location next to El Yunque National Forest, Rio Grande offers [&hellip;]<\/p>","protected":false},"author":1,"featured_media":0,"parent":0,"menu_order":0,"comment_status":"closed","ping_status":"closed","template":"elementor_header_footer","meta":{"footnotes":""},"class_list":["post-5064","page","type-page","status-publish","hentry"],"_links":{"self":[{"href":"https:\/\/veralrealestatepr.com\/es\/wp-json\/wp\/v2\/pages\/5064","targetHints":{"allow":["GET"]}}],"collection":[{"href":"https:\/\/veralrealestatepr.com\/es\/wp-json\/wp\/v2\/pages"}],"about":[{"href":"https:\/\/veralrealestatepr.com\/es\/wp-json\/wp\/v2\/types\/page"}],"author":[{"embeddable":true,"href":"https:\/\/veralrealestatepr.com\/es\/wp-json\/wp\/v2\/users\/1"}],"replies":[{"embeddable":true,"href":"https:\/\/veralrealestatepr.com\/es\/wp-json\/wp\/v2\/comments?post=5064"}],"version-history":[{"count":4,"href":"https:\/\/veralrealestatepr.com\/es\/wp-json\/wp\/v2\/pages\/5064\/revisions"}],"predecessor-version":[{"id":5068,"href":"https:\/\/veralrealestatepr.com\/es\/wp-json\/wp\/v2\/pages\/5064\/revisions\/5068"}],"wp:attachment":[{"href":"https:\/\/veralrealestatepr.com\/es\/wp-json\/wp\/v2\/media?parent=5064"}],"curies":[{"name":"wp","href":"https:\/\/api.w.org\/{rel}","templated":true}]}}