{"id":4472,"date":"2025-06-25T01:10:41","date_gmt":"2025-06-25T01:10:41","guid":{"rendered":"https:\/\/veralrealestatepr.com\/?page_id=4472"},"modified":"2025-07-27T23:29:58","modified_gmt":"2025-07-27T23:29:58","slug":"sell-your-home","status":"publish","type":"page","link":"https:\/\/veralrealestatepr.com\/es\/sell-your-home\/","title":{"rendered":"Vende Tu Casa"},"content":{"rendered":"<div data-elementor-type=\"wp-page\" data-elementor-id=\"4472\" class=\"elementor elementor-4472\">\n\t\t\t\t\t\t<section class=\"elementor-section elementor-top-section elementor-element elementor-element-5bdf869 elementor-section-boxed elementor-section-height-default elementor-section-height-default\" data-id=\"5bdf869\" data-element_type=\"section\" data-e-type=\"section\" data-settings=\"{&quot;background_background&quot;:&quot;classic&quot;}\">\n\t\t\t\t\t\t\t<div class=\"elementor-background-overlay\"><\/div>\n\t\t\t\t\t\t\t<div class=\"elementor-container elementor-column-gap-default\">\n\t\t\t\t\t<div class=\"elementor-column elementor-col-100 elementor-top-column elementor-element elementor-element-b2ea7ed\" data-id=\"b2ea7ed\" data-element_type=\"column\" data-e-type=\"column\">\n\t\t\t<div class=\"elementor-widget-wrap elementor-element-populated\">\n\t\t\t\t\t\t<div class=\"elementor-element elementor-element-c1d0a14 elementor-widget elementor-widget-heading\" data-id=\"c1d0a14\" data-element_type=\"widget\" data-e-type=\"widget\" data-widget_type=\"heading.default\">\n\t\t\t\t<div class=\"elementor-widget-container\">\n\t\t\t\t\t<h1 class=\"elementor-heading-title elementor-size-default\">Vende tu Propiedad con Confianza<\/h1>\t\t\t\t<\/div>\n\t\t\t\t<\/div>\n\t\t\t\t\t<\/div>\n\t\t<\/div>\n\t\t\t\t\t<\/div>\n\t\t<\/section>\n\t\t\t\t<section class=\"elementor-section elementor-top-section elementor-element elementor-element-bd42b9d elementor-section-boxed elementor-section-height-default elementor-section-height-default\" data-id=\"bd42b9d\" data-element_type=\"section\" data-e-type=\"section\">\n\t\t\t\t\t\t<div class=\"elementor-container elementor-column-gap-default\">\n\t\t\t\t\t<div class=\"elementor-column elementor-col-100 elementor-top-column elementor-element elementor-element-c5ceae3\" data-id=\"c5ceae3\" data-element_type=\"column\" data-e-type=\"column\">\n\t\t\t<div class=\"elementor-widget-wrap elementor-element-populated\">\n\t\t\t\t\t\t<div class=\"elementor-element elementor-element-8542bb5 elementor-widget elementor-widget-text-editor\" data-id=\"8542bb5\" data-element_type=\"widget\" data-e-type=\"widget\" data-widget_type=\"text-editor.default\">\n\t\t\t\t<div class=\"elementor-widget-container\">\n\t\t\t\t\t\t\t\t\t<p>En VERAL Real Estate, entendemos que vender tu hogar es m\u00e1s que una transacci\u00f3n: es una decisi\u00f3n de vida importante. Nuestro equipo experimentado est\u00e1 aqu\u00ed para guiarte en cada paso con experiencia, dedicaci\u00f3n y confianza.<\/p>\t\t\t\t\t\t\t\t<\/div>\n\t\t\t\t<\/div>\n\t\t\t\t<div class=\"elementor-element elementor-element-069be52 elementor-widget elementor-widget-icon-box\" data-id=\"069be52\" data-element_type=\"widget\" data-e-type=\"widget\" data-widget_type=\"icon-box.default\">\n\t\t\t\t<div class=\"elementor-widget-container\">\n\t\t\t\t\t\t\t<div class=\"elementor-icon-box-wrapper\">\n\n\t\t\t\n\t\t\t\t\t\t<div class=\"elementor-icon-box-content\">\n\n\t\t\t\t\t\t\t\t\t<h3 class=\"elementor-icon-box-title\">\n\t\t\t\t\t\t<span  >\n\t\t\t\t\t\t\tQu\u00e9 Puedes Esperar\t\t\t\t\t\t<\/span>\n\t\t\t\t\t<\/h3>\n\t\t\t\t\n\t\t\t\t\t\t\t\t\t<p class=\"elementor-icon-box-description\">\n\t\t\t\t\t\tEvaluaci\u00f3n Personalizada de Propiedad\u00a0|\nEstrategia de Mercadeo\u00a0|\nRed de Compradores\u00a0|\nNegociaci\u00f3n Experta y Apoyo en el Cierre\t\t\t\t\t<\/p>\n\t\t\t\t\n\t\t\t<\/div>\n\t\t\t\n\t\t<\/div>\n\t\t\t\t\t\t<\/div>\n\t\t\t\t<\/div>\n\t\t\t\t\t<\/div>\n\t\t<\/div>\n\t\t\t\t\t<\/div>\n\t\t<\/section>\n\t\t\t\t<section class=\"elementor-section elementor-top-section elementor-element elementor-element-e74b42b elementor-section-boxed elementor-section-height-default elementor-section-height-default\" data-id=\"e74b42b\" data-element_type=\"section\" data-e-type=\"section\" data-settings=\"{&quot;background_background&quot;:&quot;classic&quot;}\">\n\t\t\t\t\t\t\t<div class=\"elementor-background-overlay\"><\/div>\n\t\t\t\t\t\t\t<div class=\"elementor-container elementor-column-gap-default\">\n\t\t\t\t\t<div class=\"elementor-column elementor-col-100 elementor-top-column elementor-element elementor-element-88c7450\" data-id=\"88c7450\" data-element_type=\"column\" data-e-type=\"column\" data-settings=\"{&quot;background_background&quot;:&quot;classic&quot;}\">\n\t\t\t<div class=\"elementor-widget-wrap elementor-element-populated\">\n\t\t\t\t\t<div class=\"elementor-background-overlay\"><\/div>\n\t\t\t\t\t\t<div class=\"elementor-element elementor-element-c174530 elementor-widget elementor-widget-houzez_elementor_section_title\" data-id=\"c174530\" data-element_type=\"widget\" data-e-type=\"widget\" data-widget_type=\"houzez_elementor_section_title.default\">\n\t\t\t\t<div class=\"elementor-widget-container\">\n\t\t\t\t\t            <div class=\"houzez_section_title_wrap section-title-module\">\n                                    <h2 class=\"houzez_section_title\">\u00bfListo para Vender?<\/h2>\n                \n                                    <p class=\"houzez_section_subtitle\">Completa el formulario y nos pondremos en contacto para una consulta gratuita\u2014sin compromiso, solo orientaci\u00f3n experta.<\/p>\n                            <\/div>\n            \t\t\t\t<\/div>\n\t\t\t\t<\/div>\n\t\t\t\t<div class=\"elementor-element elementor-element-137c5da elementor-button-align-stretch elementor-widget elementor-widget-houzez_elementor_contact_form\" data-id=\"137c5da\" data-element_type=\"widget\" data-e-type=\"widget\" data-widget_type=\"houzez_elementor_contact_form.default\">\n\t\t\t\t<div class=\"elementor-widget-container\">\n\t\t\t\t\t\n        <script type=\"application\/javascript\">\n            jQuery(document).bind(\"ready\", function () {\n                houzezValidateElementor(\"#houzez-form-137c5da\" );\n            });\n        <\/script>\n\n        <form class=\"elementor-form houzez-ele-form-js\" id=\"houzez-form-137c5da\" method=\"post\" name=\"New Form\" action=\"https:\/\/veralrealestatepr.com\/wp-admin\/admin-ajax.php\">\n            <input type=\"hidden\" name=\"form_id\" value=\"137c5da\"\/>\n            <input type=\"hidden\" name=\"houzez_contact_form\" value=\"yes\"\/>\n            <input type=\"hidden\" name=\"action\" value=\"houzez_ele_contact_form\" \/>\n            <input type=\"hidden\" name=\"source_link\" value=\"https:\/\/veralrealestatepr.com\/es\/sell-your-home\/\" \/>\n            <input type=\"hidden\" name=\"lead_page_id\" value=\"4472\" \/>\n            <input type=\"hidden\" name=\"webhook\" value=\"false\" \/>\n            <input type=\"hidden\" name=\"webhook_url\" value=\"\" \/>\n            <input type=\"hidden\" name=\"redirect_to\" value=\"\" \/>\n            <input type=\"hidden\" name=\"google_recaptcha\" value=\"yes\" \/>\n            \n\n            <div class=\"elementor-form-fields-wrapper elementor-labels-above\">\n\n                                    <div class=\"elementor-field-group elementor-column form-group elementor-field-group-name elementor-col-100 elementor-field-required\">\n                    <label for=\"form-field-name\" class=\"form-label elementor-field-label\">Nombre<\/label><input type=\"text\" name=\"name\" id=\"form-field-name\" class=\"elementor-field form-control elementor-size-sm elementor-field-textual\" placeholder=\"Nombre\" title=\"* Name\" required=\"required\">                    <\/div>\n\n                                        <div class=\"elementor-field-group elementor-column form-group elementor-field-group-9f90020 elementor-col-100 elementor-field-required\">\n                    <label for=\"form-field-9f90020\" class=\"form-label elementor-field-label\">Tel\u00e9fono<\/label><input type=\"text\" name=\"home_phone\" id=\"form-field-9f90020\" class=\"elementor-field form-control elementor-size-sm elementor-field-textual\" placeholder=\"Tel\u00e9fono\" title=\"* Phone\" required=\"required\">                    <\/div>\n\n                                        <div class=\"elementor-field-group elementor-column form-group elementor-field-group-email elementor-col-100 elementor-field-required\">\n                    <label for=\"form-field-email\" class=\"form-label elementor-field-label\">Correo<\/label><input type=\"email\" name=\"email\" id=\"form-field-email\" class=\"elementor-field form-control elementor-size-sm elementor-field-textual\" placeholder=\"Correo\" title=\"* Email\" required=\"required\">                    <\/div>\n\n                                        <div class=\"elementor-field-group elementor-column form-group elementor-field-group-message elementor-col-100 elementor-field-required\">\n                    <label for=\"form-field-message\" class=\"form-label elementor-field-label\">Mensaje<\/label><textarea class=\"elementor-field-textual elementor-field elementor-size-sm\" name=\"message\" id=\"form-field-message\" rows=\"4\" placeholder=\"Mensaje\" required=\"required\" title=\"* Message\"><\/textarea>                    <\/div>\n\n                    \n                    \n                                        <div class=\"elementor-field-group\">\n                        <div class=\"form-group captcha_wrapper houzez-grecaptcha-v2\">\n    <div class=\"houzez_google_reCaptcha\"><\/div>\n<\/div>\n                    <\/div>\n                    \n                    <div class=\"elementor-field-group elementor-column elementor-field-type-submit elementor-col-100\">\n                    <button type=\"submit\" class=\"houzez-submit-button houzez-contact-form-js elementor-button elementor-size-sm\">\n                        <i class=\"houzez-loader-js houzez-hidden spinner-border spinner-border-sm\"><\/i>\n                                                    Someter                                            <\/button>\n                <\/div>\n            <\/div><!-- End wrapper-->\n            <br\/>\n            <div class=\"ele-form-messages\"><\/div>\n            <div class=\"error-container\"><\/div>\n\n        <\/form>\n\n    \t\t\t\t<\/div>\n\t\t\t\t<\/div>\n\t\t\t\t\t<\/div>\n\t\t<\/div>\n\t\t\t\t\t<\/div>\n\t\t<\/section>\n\t\t\t\t<\/div>","protected":false},"excerpt":{"rendered":"<p>Sell Your Property With Confidence At VERAL Real Estate, we understand that selling your home is more than a transaction\u2014it&#8217;s a major life decision. Our experienced team is here to guide you through every step with expertise, care, and confidence. What You Can Expect Personalized Property Evaluation | Marketing Strategy | Buyer Network | Expert [&hellip;]<\/p>","protected":false},"author":1,"featured_media":0,"parent":0,"menu_order":0,"comment_status":"closed","ping_status":"closed","template":"elementor_header_footer","meta":{"footnotes":""},"class_list":["post-4472","page","type-page","status-publish","hentry"],"_links":{"self":[{"href":"https:\/\/veralrealestatepr.com\/es\/wp-json\/wp\/v2\/pages\/4472","targetHints":{"allow":["GET"]}}],"collection":[{"href":"https:\/\/veralrealestatepr.com\/es\/wp-json\/wp\/v2\/pages"}],"about":[{"href":"https:\/\/veralrealestatepr.com\/es\/wp-json\/wp\/v2\/types\/page"}],"author":[{"embeddable":true,"href":"https:\/\/veralrealestatepr.com\/es\/wp-json\/wp\/v2\/users\/1"}],"replies":[{"embeddable":true,"href":"https:\/\/veralrealestatepr.com\/es\/wp-json\/wp\/v2\/comments?post=4472"}],"version-history":[{"count":64,"href":"https:\/\/veralrealestatepr.com\/es\/wp-json\/wp\/v2\/pages\/4472\/revisions"}],"predecessor-version":[{"id":5022,"href":"https:\/\/veralrealestatepr.com\/es\/wp-json\/wp\/v2\/pages\/4472\/revisions\/5022"}],"wp:attachment":[{"href":"https:\/\/veralrealestatepr.com\/es\/wp-json\/wp\/v2\/media?parent=4472"}],"curies":[{"name":"wp","href":"https:\/\/api.w.org\/{rel}","templated":true}]}}