{"id":1656,"date":"2016-06-20T23:11:03","date_gmt":"2016-06-20T23:11:03","guid":{"rendered":"https:\/\/demo05.houzez.co\/?page_id=1656"},"modified":"2025-07-27T22:17:08","modified_gmt":"2025-07-27T22:17:08","slug":"about-us","status":"publish","type":"page","link":"https:\/\/veralrealestatepr.com\/es\/about-us\/","title":{"rendered":"Sobre Nosotros"},"content":{"rendered":"<div data-elementor-type=\"wp-post\" data-elementor-id=\"1656\" class=\"elementor elementor-1656\">\n\t\t\t\t\t\t<section class=\"elementor-section elementor-top-section elementor-element elementor-element-9284bbf elementor-section-boxed elementor-section-height-default elementor-section-height-default\" data-id=\"9284bbf\" data-element_type=\"section\" data-e-type=\"section\" data-settings=\"{&quot;background_background&quot;:&quot;classic&quot;}\">\n\t\t\t\t\t\t\t<div class=\"elementor-background-overlay\"><\/div>\n\t\t\t\t\t\t\t<div class=\"elementor-container elementor-column-gap-default\">\n\t\t\t\t\t<div class=\"elementor-column elementor-col-100 elementor-top-column elementor-element elementor-element-1d126a9\" data-id=\"1d126a9\" data-element_type=\"column\" data-e-type=\"column\">\n\t\t\t<div class=\"elementor-widget-wrap elementor-element-populated\">\n\t\t\t\t\t\t<div class=\"elementor-element elementor-element-b31e587 elementor-widget elementor-widget-heading\" data-id=\"b31e587\" data-element_type=\"widget\" data-e-type=\"widget\" data-widget_type=\"heading.default\">\n\t\t\t\t<div class=\"elementor-widget-container\">\n\t\t\t\t\t<h1 class=\"elementor-heading-title elementor-size-default\">Tu Socio Confiable en Bienes Ra\u00edces en Puerto Rico<\/h1>\t\t\t\t<\/div>\n\t\t\t\t<\/div>\n\t\t\t\t\t<\/div>\n\t\t<\/div>\n\t\t\t\t\t<\/div>\n\t\t<\/section>\n\t\t\t\t<section class=\"elementor-section elementor-top-section elementor-element elementor-element-90fd16b elementor-section-boxed elementor-section-height-default elementor-section-height-default\" data-id=\"90fd16b\" data-element_type=\"section\" data-e-type=\"section\" data-settings=\"{&quot;background_background&quot;:&quot;classic&quot;}\">\n\t\t\t\t\t\t\t<div class=\"elementor-background-overlay\"><\/div>\n\t\t\t\t\t\t\t<div class=\"elementor-container elementor-column-gap-default\">\n\t\t\t\t\t<div class=\"elementor-column elementor-col-100 elementor-top-column elementor-element elementor-element-18eb374\" data-id=\"18eb374\" data-element_type=\"column\" data-e-type=\"column\">\n\t\t\t<div class=\"elementor-widget-wrap elementor-element-populated\">\n\t\t\t\t\t\t<div class=\"elementor-element elementor-element-e25620d animated-slow elementor-invisible elementor-widget elementor-widget-text-editor\" data-id=\"e25620d\" data-element_type=\"widget\" data-e-type=\"widget\" data-settings=\"{&quot;_animation&quot;:&quot;fadeInUp&quot;}\" data-widget_type=\"text-editor.default\">\n\t\t\t\t<div class=\"elementor-widget-container\">\n\t\t\t\t\t\t\t\t\t<p>Combinamos experiencia internacional con un profundo conocimiento local para ofrecer experiencias inmobiliarias excepcionales adaptadas a tus objetivos.<\/p>\t\t\t\t\t\t\t\t<\/div>\n\t\t\t\t<\/div>\n\t\t\t\t\t<\/div>\n\t\t<\/div>\n\t\t\t\t\t<\/div>\n\t\t<\/section>\n\t\t\t\t<section class=\"elementor-section elementor-top-section elementor-element elementor-element-b48833c elementor-section-full_width elementor-section-height-min-height elementor-section-height-default elementor-section-items-middle\" data-id=\"b48833c\" data-element_type=\"section\" data-e-type=\"section\" data-settings=\"{&quot;background_background&quot;:&quot;classic&quot;}\">\n\t\t\t\t\t\t\t<div class=\"elementor-background-overlay\"><\/div>\n\t\t\t\t\t\t\t<div class=\"elementor-container elementor-column-gap-default\">\n\t\t\t\t\t<div class=\"elementor-column elementor-col-100 elementor-top-column elementor-element elementor-element-a8c455d\" data-id=\"a8c455d\" data-element_type=\"column\" data-e-type=\"column\">\n\t\t\t<div class=\"elementor-widget-wrap elementor-element-populated\">\n\t\t\t\t\t\t<div class=\"elementor-element elementor-element-5ac2de8 animated-slow elementor-invisible elementor-widget elementor-widget-houzez_elementor_section_title\" data-id=\"5ac2de8\" data-element_type=\"widget\" data-e-type=\"widget\" data-settings=\"{&quot;_animation&quot;:&quot;fadeInUp&quot;}\" data-widget_type=\"houzez_elementor_section_title.default\">\n\t\t\t\t<div class=\"elementor-widget-container\">\n\t\t\t\t\t            <div class=\"houzez_section_title_wrap section-title-module\">\n                                    <h2 class=\"houzez_section_title\">Lo Que Impulsa a VERAL<\/h2>\n                \n                                    <p class=\"houzez_section_subtitle\">En VERAL Real Estate, estamos comprometidos a ofrecer los servicios inmobiliarios m\u00e1s completos y personalizados de Puerto Rico. Ya sea que est\u00e9s comprando, vendiendo, invirtiendo o alquilando una propiedad, garantizamos una experiencia fluida respaldada por conocimiento del mercado local y estrategias visionarias.<\/p>\n                            <\/div>\n            \t\t\t\t<\/div>\n\t\t\t\t<\/div>\n\t\t\t\t\t<\/div>\n\t\t<\/div>\n\t\t\t\t\t<\/div>\n\t\t<\/section>\n\t\t\t\t<section class=\"elementor-section elementor-top-section elementor-element elementor-element-f5c023b elementor-section-stretched elementor-section-boxed elementor-section-height-default elementor-section-height-default elementor-invisible\" data-id=\"f5c023b\" data-element_type=\"section\" data-e-type=\"section\" data-settings=\"{&quot;stretch_section&quot;:&quot;section-stretched&quot;,&quot;animation&quot;:&quot;fadeIn&quot;}\">\n\t\t\t\t\t\t<div class=\"elementor-container elementor-column-gap-default\">\n\t\t\t\t\t<div class=\"elementor-column elementor-col-100 elementor-top-column elementor-element elementor-element-3091428\" data-id=\"3091428\" data-element_type=\"column\" data-e-type=\"column\">\n\t\t\t<div class=\"elementor-widget-wrap elementor-element-populated\">\n\t\t\t\t\t\t<div class=\"elementor-element elementor-element-f2034c6 animated-slow elementor-invisible elementor-widget elementor-widget-houzez_elementor_section_title\" data-id=\"f2034c6\" data-element_type=\"widget\" data-e-type=\"widget\" data-settings=\"{&quot;_animation&quot;:&quot;fadeIn&quot;}\" data-widget_type=\"houzez_elementor_section_title.default\">\n\t\t\t\t<div class=\"elementor-widget-container\">\n\t\t\t\t\t            <div class=\"houzez_section_title_wrap section-title-module\">\n                                    <h2 class=\"houzez_section_title\">Conoce a Nataliya<\/h2>\n                \n                            <\/div>\n            \t\t\t\t<\/div>\n\t\t\t\t<\/div>\n\t\t\t\t\t<\/div>\n\t\t<\/div>\n\t\t\t\t\t<\/div>\n\t\t<\/section>\n\t\t\t\t<section class=\"elementor-section elementor-top-section elementor-element elementor-element-a166626 elementor-section-boxed elementor-section-height-default elementor-section-height-default\" data-id=\"a166626\" data-element_type=\"section\" data-e-type=\"section\">\n\t\t\t\t\t\t<div class=\"elementor-container elementor-column-gap-default\">\n\t\t\t\t\t<div class=\"elementor-column elementor-col-33 elementor-top-column elementor-element elementor-element-50f2749\" data-id=\"50f2749\" data-element_type=\"column\" data-e-type=\"column\">\n\t\t\t<div class=\"elementor-widget-wrap\">\n\t\t\t\t\t\t\t<\/div>\n\t\t<\/div>\n\t\t\t\t<div class=\"elementor-column elementor-col-33 elementor-top-column elementor-element elementor-element-f0fed58\" data-id=\"f0fed58\" data-element_type=\"column\" data-e-type=\"column\">\n\t\t\t<div class=\"elementor-widget-wrap elementor-element-populated\">\n\t\t\t\t\t\t<div class=\"elementor-element elementor-element-ac32d30 elementor-widget__width-initial elementor-widget elementor-widget-houzez_elementor_team_member\" data-id=\"ac32d30\" data-element_type=\"widget\" data-e-type=\"widget\" data-widget_type=\"houzez_elementor_team_member.default\">\n\t\t\t\t<div class=\"elementor-widget-container\">\n\t\t\t\t\t\n            <div class=\"team-module hover-effect text-center\">\n\n                                \n                <img fetchpriority=\"high\" decoding=\"async\" width=\"762\" height=\"794\" src=\"https:\/\/veralrealestatepr.com\/wp-content\/uploads\/2025\/07\/Screenshot-2025-07-09-at-7.33.01\u202fPM.png\" class=\"img-fluid\" alt=\"\" \/>\n                <!-- Team Content Before Hover -->\n                <div class=\"team-content-wrap team-content-wrap-before top-0 start-0 w-100 h-100\">\n                    <div class=\"team-content bottom-0 start-0 w-100 p-4\">\n                        <div class=\"team-name\">\n                            <strong>Nataliya Yanyuk<\/strong>\n                        <\/div><!-- team-name -->\n                        <div class=\"team-title\">\n                            Agente de Bienes Ra\u00edces | C-25603                        <\/div><!-- team-title -->\n                    <\/div><!-- team-content -->\n                <\/div><!-- team-content-wrap -->\n\n                <!-- Team Content After Hover -->\n                <div class=\"team-content-wrap team-content-wrap-after top-0 start-0 w-100 h-100\">\n                    <div class=\"team-content bottom-0 start-0 w-100 p-4\">\n                        <div class=\"team-name\">\n                            <strong>Nataliya Yanyuk<\/strong>\n                        <\/div><!-- team-name -->\n                        <div class=\"team-title\">\n                            Agente de Bienes Ra\u00edces | C-25603                        <\/div><!-- team-title -->\n                        <div class=\"team-description my-3\">\n                            <p data-start=\"1148\" data-end=\"1711\">Con m\u00e1s de una d\u00e9cada de experiencia en bienes ra\u00edces en Dub\u00e1i y Kiev, y 15 a\u00f1os en Puerto Rico, Nataliya combina una visi\u00f3n global con un profundo conocimiento local. Fluida en varios idiomas y con ra\u00edces en la hospitalidad y la administraci\u00f3n de propiedades, ofrece un servicio estrat\u00e9gico y personalizado.<\/p>                        <\/div><!-- team-description -->\n\n                            \n                    <\/div><!-- team-content -->\n                <\/div><!-- team-content-wrap -->\n\n            <\/div><!-- team-module -->\n\n            \t\t\t\t<\/div>\n\t\t\t\t<\/div>\n\t\t\t\t\t<\/div>\n\t\t<\/div>\n\t\t\t\t<div class=\"elementor-column elementor-col-33 elementor-top-column elementor-element elementor-element-016fbb9\" data-id=\"016fbb9\" data-element_type=\"column\" data-e-type=\"column\">\n\t\t\t<div class=\"elementor-widget-wrap\">\n\t\t\t\t\t\t\t<\/div>\n\t\t<\/div>\n\t\t\t\t\t<\/div>\n\t\t<\/section>\n\t\t\t\t<section class=\"elementor-section elementor-top-section elementor-element elementor-element-80e6940 elementor-section-boxed elementor-section-height-default elementor-section-height-default\" data-id=\"80e6940\" data-element_type=\"section\" data-e-type=\"section\">\n\t\t\t\t\t\t<div class=\"elementor-container elementor-column-gap-default\">\n\t\t\t\t\t<div class=\"elementor-column elementor-col-100 elementor-top-column elementor-element elementor-element-0da37d9\" data-id=\"0da37d9\" data-element_type=\"column\" data-e-type=\"column\">\n\t\t\t<div class=\"elementor-widget-wrap\">\n\t\t\t\t\t\t\t<\/div>\n\t\t<\/div>\n\t\t\t\t\t<\/div>\n\t\t<\/section>\n\t\t\t\t<section class=\"elementor-section elementor-top-section elementor-element elementor-element-1f37752 elementor-section-stretched elementor-section-boxed elementor-section-height-default elementor-section-height-default elementor-invisible\" data-id=\"1f37752\" data-element_type=\"section\" data-e-type=\"section\" data-settings=\"{&quot;stretch_section&quot;:&quot;section-stretched&quot;,&quot;background_background&quot;:&quot;classic&quot;,&quot;animation&quot;:&quot;fadeIn&quot;}\">\n\t\t\t\t\t\t<div class=\"elementor-container elementor-column-gap-default\">\n\t\t\t\t\t<div class=\"elementor-column elementor-col-100 elementor-top-column elementor-element elementor-element-2749fad\" data-id=\"2749fad\" data-element_type=\"column\" data-e-type=\"column\">\n\t\t\t<div class=\"elementor-widget-wrap elementor-element-populated\">\n\t\t\t\t\t\t<div class=\"elementor-element elementor-element-556a105 elementor-widget elementor-widget-houzez_elementor_space\" data-id=\"556a105\" data-element_type=\"widget\" data-e-type=\"widget\" data-widget_type=\"houzez_elementor_space.default\">\n\t\t\t\t<div class=\"elementor-widget-container\">\n\t\t\t\t\t        <div class=\"houzez-spacer\">\n            <div class=\"houzez-spacer-inner\"><\/div>\n        <\/div>\n        \t\t\t\t<\/div>\n\t\t\t\t<\/div>\n\t\t\t\t<div class=\"elementor-element elementor-element-4b34a85 animated-slow elementor-invisible elementor-widget elementor-widget-houzez_elementor_section_title\" data-id=\"4b34a85\" data-element_type=\"widget\" data-e-type=\"widget\" data-settings=\"{&quot;_animation&quot;:&quot;fadeIn&quot;}\" data-widget_type=\"houzez_elementor_section_title.default\">\n\t\t\t\t<div class=\"elementor-widget-container\">\n\t\t\t\t\t            <div class=\"houzez_section_title_wrap section-title-module\">\n                                    <h2 class=\"houzez_section_title\">De Nuestro Blog<\/h2>\n                \n                                    <p class=\"houzez_section_subtitle\">Solo est\u00e1s a un correo de recibir nuestra ayuda.<\/p>\n                            <\/div>\n            \t\t\t\t<\/div>\n\t\t\t\t<\/div>\n\t\t\t\t<div class=\"elementor-element elementor-element-2248734 elementor-widget elementor-widget-houzez_elementor_blog_posts_carousel\" data-id=\"2248734\" data-element_type=\"widget\" data-e-type=\"widget\" data-widget_type=\"houzez_elementor_blog_posts_carousel.default\">\n\t\t\t\t<div class=\"elementor-widget-container\">\n\t\t\t\t\t        <script>\n            jQuery(document).ready(function ($) {\n\n                var slides_to_show = 4,\n                    navigation = true,\n                    auto_play = false,\n                    auto_play_speed = parseInt(3000),\n                    dots = false,\n                    slide_infinite =  true;\n\n                var owl_post_card = $('#carousel-post-card-xEbF2');\n\n                owl_post_card.slick({\n                    rtl: false,\n                    lazyLoad: 'ondemand',\n                    infinite: slide_infinite,\n                    autoplay: auto_play,\n                    autoplaySpeed: auto_play_speed,\n                    speed: 300,\n                    slidesToShow: slides_to_show,\n                    arrows: navigation,\n                    adaptiveHeight: true,\n                    dots: dots,\n                    appendArrows: '.blog-posts-slider',\n                    prevArrow: $('.blog-prev-js-xEbF2'),\n                    nextArrow: $('.blog-next-js-xEbF2'),\n                    responsive: [{\n                            breakpoint: 992,\n                            settings: {\n                                slidesToShow: 2,\n                                slidesToScroll: 2\n                            }\n                        },\n                        {\n                            breakpoint: 769,\n                            settings: {\n                                slidesToShow: 1,\n                                slidesToScroll: 1\n                            }\n                        }\n                    ]\n                });\n            });\n        <\/script>\n\n        <div class=\"blog-posts-module blog-posts-slider blog-posts-module-v1\">\n\n                        <div class=\"property-carousel-buttons-wrap\">\n                <button type=\"button\" class=\"blog-prev-js-xEbF2 slick-prev btn-primary-outlined\">Prev<\/button>\n                <button type=\"button\" class=\"blog-next-js-xEbF2 slick-next btn-primary-outlined\">Next<\/button>\n            <\/div><!-- property-carousel-buttons-wrap -->\n            \n            <div id=\"carousel-post-card-xEbF2\" class=\"blog-posts-slider-wrap blog-posts-slide-wrap-js houzez-all-slider-wrap\">\n                                    <div class=\"blog-posts-slide-wrap\">\n                        <div class=\"blog-post-item-wrap\">\n\t<div id=\"post-4980\" class=\"blog-post-item blog-post-item-v1 mb-3 post-4980 post type-post status-publish format-standard hentry category-real-estate\">\n\t\t\n\t\t\n\t\t<div class=\"blog-post-content-wrap\">\n\t\t\t<div class=\"blog-post-meta small\">\n\t\t\t\t<ul class=\"list-inline d-flex align-items-center mb-1\">\n\t\t\t\t\t\t\t\t\t\t<li class=\"list-inline-item\">\n\t\t\t\t\t\t<time datetime=\"julio 27, 2025\"><i class=\"houzez-icon icon-calendar-3 me-1\"><\/i> julio 27, 2025<\/time>\n\t\t\t\t\t<\/li>\n\t\t\t\t\t\n\t\t\t\t\t\t\t\t\t\t<li class=\"list-inline-item\">\n\t\t\t\t\t\t<i class=\"houzez-icon icon-tags me-1\"><\/i> <a href=\"https:\/\/veralrealestatepr.com\/es\/category\/real-estate\/\" rel=\"category tag\">Real Estate<\/a>\t\t\t\t\t<\/li>\n\t\t\t\t\t\n\t\t\t\t<\/ul>\n\t\t\t<\/div><!-- blog-post-meta -->\n\t\t\t<div class=\"blog-post-title\">\n\t\t\t\t<h3 class=\"mb-1\"><a href=\"https:\/\/veralrealestatepr.com\/es\/what-do-i-need-to-buy-a-house-in-puerto-rico\/\">\u00bfQu\u00e9 necesito para comprar una casa en Puerto Rico?<\/a><\/h3>\n\t\t\t<\/div><!-- blog-post-title -->\n\t\t\t<div class=\"blog-post-body mb-1\">\n\t\t\t\t\u00bfQu\u00e9 podr\u00eda afectar mi compra?\n\u00bfC\u00f3mo establezco un presupuesto?\nPaso 1: Precalificaci\u00f3n para una hipoteca...\t\t\t<\/div><!-- blog-post-body -->\n\t\t\t<div class=\"blog-post-link small\">\n\t\t\t\t<a href=\"https:\/\/veralrealestatepr.com\/es\/what-do-i-need-to-buy-a-house-in-puerto-rico\/\">Continue reading<\/a>\n\t\t\t<\/div><!-- blog-post-link -->\n\t\t<\/div><!-- blog-post-content-wrap -->\n\t\t\t\t<div class=\"blog-post-author\">\n\t\t\t<i class=\"houzez-icon icon-single-neutral me-1\"><\/i> by veralrealestatepr@gmail.com\t\t<\/div>\n\t\t\t<\/div><!-- blog-post-item -->\n<\/div><!-- blog-post-item-wrap -->                    <\/div>\n                                    <div class=\"blog-posts-slide-wrap\">\n                        <div class=\"blog-post-item-wrap\">\n\t<div id=\"post-4975\" class=\"blog-post-item blog-post-item-v1 mb-3 post-4975 post type-post status-publish format-standard hentry category-real-estate\">\n\t\t\n\t\t\n\t\t<div class=\"blog-post-content-wrap\">\n\t\t\t<div class=\"blog-post-meta small\">\n\t\t\t\t<ul class=\"list-inline d-flex align-items-center mb-1\">\n\t\t\t\t\t\t\t\t\t\t<li class=\"list-inline-item\">\n\t\t\t\t\t\t<time datetime=\"julio 27, 2025\"><i class=\"houzez-icon icon-calendar-3 me-1\"><\/i> julio 27, 2025<\/time>\n\t\t\t\t\t<\/li>\n\t\t\t\t\t\n\t\t\t\t\t\t\t\t\t\t<li class=\"list-inline-item\">\n\t\t\t\t\t\t<i class=\"houzez-icon icon-tags me-1\"><\/i> <a href=\"https:\/\/veralrealestatepr.com\/es\/category\/real-estate\/\" rel=\"category tag\">Real Estate<\/a>\t\t\t\t\t<\/li>\n\t\t\t\t\t\n\t\t\t\t<\/ul>\n\t\t\t<\/div><!-- blog-post-meta -->\n\t\t\t<div class=\"blog-post-title\">\n\t\t\t\t<h3 class=\"mb-1\"><a href=\"https:\/\/veralrealestatepr.com\/es\/complex-context-of-housing-rehabilitation-and-construction-in-puerto-rico\/\">Contexto Complejo de la Rehabilitaci\u00f3n y Construcci\u00f3n de Viviendas en Puerto Rico<\/a><\/h3>\n\t\t\t<\/div><!-- blog-post-title -->\n\t\t\t<div class=\"blog-post-body mb-1\">\n\t\t\t\tEl mercado de la vivienda en Puerto Rico opera dentro de un contexto multifac\u00e9tico e influenciado a nivel global...\t\t\t<\/div><!-- blog-post-body -->\n\t\t\t<div class=\"blog-post-link small\">\n\t\t\t\t<a href=\"https:\/\/veralrealestatepr.com\/es\/complex-context-of-housing-rehabilitation-and-construction-in-puerto-rico\/\">Continue reading<\/a>\n\t\t\t<\/div><!-- blog-post-link -->\n\t\t<\/div><!-- blog-post-content-wrap -->\n\t\t\t\t<div class=\"blog-post-author\">\n\t\t\t<i class=\"houzez-icon icon-single-neutral me-1\"><\/i> by veralrealestatepr@gmail.com\t\t<\/div>\n\t\t\t<\/div><!-- blog-post-item -->\n<\/div><!-- blog-post-item-wrap -->                    <\/div>\n                                    <div class=\"blog-posts-slide-wrap\">\n                        <div class=\"blog-post-item-wrap\">\n\t<div id=\"post-4968\" class=\"blog-post-item blog-post-item-v1 mb-3 post-4968 post type-post status-publish format-standard hentry category-real-estate\">\n\t\t\n\t\t\n\t\t<div class=\"blog-post-content-wrap\">\n\t\t\t<div class=\"blog-post-meta small\">\n\t\t\t\t<ul class=\"list-inline d-flex align-items-center mb-1\">\n\t\t\t\t\t\t\t\t\t\t<li class=\"list-inline-item\">\n\t\t\t\t\t\t<time datetime=\"julio 27, 2025\"><i class=\"houzez-icon icon-calendar-3 me-1\"><\/i> julio 27, 2025<\/time>\n\t\t\t\t\t<\/li>\n\t\t\t\t\t\n\t\t\t\t\t\t\t\t\t\t<li class=\"list-inline-item\">\n\t\t\t\t\t\t<i class=\"houzez-icon icon-tags me-1\"><\/i> <a href=\"https:\/\/veralrealestatepr.com\/es\/category\/real-estate\/\" rel=\"category tag\">Real Estate<\/a>\t\t\t\t\t<\/li>\n\t\t\t\t\t\n\t\t\t\t<\/ul>\n\t\t\t<\/div><!-- blog-post-meta -->\n\t\t\t<div class=\"blog-post-title\">\n\t\t\t\t<h3 class=\"mb-1\"><a href=\"https:\/\/veralrealestatepr.com\/es\/puerto-rico-real-estate-market-2025\/\">Mercado Inmobiliario en Puerto Rico 2025:\u00a0<\/a><\/h3>\n\t\t\t<\/div><!-- blog-post-title -->\n\t\t\t<div class=\"blog-post-body mb-1\">\n\t\t\t\tWith two decades of involvement in real estate spanning Dubai, Ukraine, and now Puerto Rico, I have...\t\t\t<\/div><!-- blog-post-body -->\n\t\t\t<div class=\"blog-post-link small\">\n\t\t\t\t<a href=\"https:\/\/veralrealestatepr.com\/es\/puerto-rico-real-estate-market-2025\/\">Continue reading<\/a>\n\t\t\t<\/div><!-- blog-post-link -->\n\t\t<\/div><!-- blog-post-content-wrap -->\n\t\t\t\t<div class=\"blog-post-author\">\n\t\t\t<i class=\"houzez-icon icon-single-neutral me-1\"><\/i> by veralrealestatepr@gmail.com\t\t<\/div>\n\t\t\t<\/div><!-- blog-post-item -->\n<\/div><!-- blog-post-item-wrap -->                    <\/div>\n                            <\/div>\n        <\/div><!-- blog-posts-module -->\n\n        \t\t\t\t<\/div>\n\t\t\t\t<\/div>\n\t\t\t\t<div class=\"elementor-element elementor-element-0b58b8d elementor-widget elementor-widget-houzez_elementor_space\" data-id=\"0b58b8d\" data-element_type=\"widget\" data-e-type=\"widget\" data-widget_type=\"houzez_elementor_space.default\">\n\t\t\t\t<div class=\"elementor-widget-container\">\n\t\t\t\t\t        <div class=\"houzez-spacer\">\n            <div class=\"houzez-spacer-inner\"><\/div>\n        <\/div>\n        \t\t\t\t<\/div>\n\t\t\t\t<\/div>\n\t\t\t\t\t<\/div>\n\t\t<\/div>\n\t\t\t\t\t<\/div>\n\t\t<\/section>\n\t\t\t\t<\/div>","protected":false},"excerpt":{"rendered":"<p>Your Trusted Real Estate Partner in Puerto Rico Combining international expertise with deep local insight to deliver exceptional real estate experiences tailored to your goals. What Drives VERAL Real Estate At VERAL Real Estate, we\u2019re committed to providing Puerto Rico\u2019s most complete and personalized real estate services. Whether you&#8217;re buying, selling, investing, or renting property, [&hellip;]<\/p>","protected":false},"author":1,"featured_media":0,"parent":0,"menu_order":0,"comment_status":"closed","ping_status":"closed","template":"elementor_header_footer","meta":{"footnotes":""},"class_list":["post-1656","page","type-page","status-publish","hentry"],"_links":{"self":[{"href":"https:\/\/veralrealestatepr.com\/es\/wp-json\/wp\/v2\/pages\/1656","targetHints":{"allow":["GET"]}}],"collection":[{"href":"https:\/\/veralrealestatepr.com\/es\/wp-json\/wp\/v2\/pages"}],"about":[{"href":"https:\/\/veralrealestatepr.com\/es\/wp-json\/wp\/v2\/types\/page"}],"author":[{"embeddable":true,"href":"https:\/\/veralrealestatepr.com\/es\/wp-json\/wp\/v2\/users\/1"}],"replies":[{"embeddable":true,"href":"https:\/\/veralrealestatepr.com\/es\/wp-json\/wp\/v2\/comments?post=1656"}],"version-history":[{"count":47,"href":"https:\/\/veralrealestatepr.com\/es\/wp-json\/wp\/v2\/pages\/1656\/revisions"}],"predecessor-version":[{"id":4987,"href":"https:\/\/veralrealestatepr.com\/es\/wp-json\/wp\/v2\/pages\/1656\/revisions\/4987"}],"wp:attachment":[{"href":"https:\/\/veralrealestatepr.com\/es\/wp-json\/wp\/v2\/media?parent=1656"}],"curies":[{"name":"wp","href":"https:\/\/api.w.org\/{rel}","templated":true}]}}